{"id":807,"date":"2025-03-10T10:03:46","date_gmt":"2025-03-10T09:03:46","guid":{"rendered":"https:\/\/evelynweddingluxury.it\/?page_id=807"},"modified":"2025-03-10T10:07:27","modified_gmt":"2025-03-10T09:07:27","slug":"termini-e-condizioni","status":"publish","type":"page","link":"https:\/\/evelynweddingluxury.it\/index.php\/termini-e-condizioni\/","title":{"rendered":"Termini e condizioni"},"content":{"rendered":"<h2 class=\"wp-block-heading\">Condizioni di vendita<\/h2><p>Le presenti condizioni generali di vendita (di seguito \u201cCondizioni Generali\u201d) disciplinano le modalit\u00e0 e le condizioni di vendita dei prodotti commercializzati dal Venditore tramite il proprio sito web (di seguito \u201cProdotti\u201d). Tutti i contratti di vendita di Prodotti da parte del Venditore a terzi (i \u201cClienti\u201d) sono disciplinati dalle presenti Condizioni Generali, che costituiscono parte integrante e sostanziale di ogni proposta, ordine e conferma d\u2019ordine per l\u2019acquisto dei Prodotti stessi. Le condizioni di vendita applicate al tuo ordine sono quelle in vigore alla data della tua conferma d\u2019ordine.<\/p><ul class=\"wp-block-list\"><li>\u2022 1 \u2013 Metodi di vendita<\/li>\n\n<li>\u2022 2 \u2013 Metodi di pagamento<\/li>\n\n<li>\u2022 3 \u2013 Caratteristiche tecniche dei prodotti<\/li>\n\n<li>\u2022 4 \u2013 Prezzi dei prodotti<\/li>\n\n<li>\u2022 5 \u2013 Garanzie e responsabilit\u00e0<\/li>\n\n<li>\u2022 6 \u2013 Spedizione<\/li>\n\n<li>\u2022 7 \u2013 Diritto di recesso e resi<\/li>\n\n<li>\u2022 8 \u2013 Foro competente<\/li><\/ul><p><strong>1 \u2013 Modalit\u00e0 di vendita<\/strong><\/p><p>Dopo aver inserito gli articoli nel carrello, procedi con l&#8217;invio dell&#8217;ordine, non appena lo riceveremo ti risponderemo via email o telefono informandoti della disponibilit\u00e0 degli articoli, dei tempi di consegna, delle spese di trasporto e dell&#8217;importo totale (solitamente scontato) dell&#8217;ordine comprensivo di spese di spedizione e modalit\u00e0 di pagamento. A questo punto potrai decidere se confermare il tuo ordine rispondendo all&#8217;email e indicando il metodo di pagamento preferito, oppure annullare l&#8217;ordine. Semplice, sicuro e veloce. Ogni ordine inviato tramite il sito e-commerce costituisce una proposta contrattuale del Cliente e, pertanto, sar\u00e0 vincolante per il Venditore solo se confermato per accettazione. L&#8217;evasione dell&#8217;ordine da parte del Venditore equivale a conferma e accettazione dello stesso. La documentazione fiscale che certifica l&#8217;acquisto e attiva la garanzia sui prodotti \u00e8 prodotta dal Venditore sotto forma di fattura di vendita al momento della spedizione dei prodotti e inclusa nella spedizione. \u00c8 pertanto necessario che il Cliente comunichi il proprio codice fiscale o partita IVA.<\/p><p><strong>2 \u2013 Metodi di Pagamento<\/strong><\/p><p>I metodi di pagamento accettati dal Venditore sono: Bonifico Bancario, PayPal e contrassegno (con alcune limitazioni). Il metodo di pagamento verr\u00e0 scelto dal Cliente nella sua email di conferma ordine.<\/p><p><strong>3 \u2013 Caratteristiche tecniche dei prodotti<\/strong><\/p><p>Le caratteristiche tecniche e funzionali relative ai Prodotti esposti sul sito e comunicate telefonicamente e\/o via e-mail sono quelle comunicate dai rispettivi produttori. Non possiamo assumerci la responsabilit\u00e0 della veridicit\u00e0 e completezza di tali informazioni. Salvo diversa indicazione, i manuali e i Software relativi ai Prodotti sono in lingua inglese. Le immagini dei prodotti sono indicative e non vincolanti. Sebbene possiamo fornire informazioni sulle caratteristiche dei Prodotti, il Cliente \u00e8 responsabile della scelta dei Prodotti ordinati e della corrispondenza e conformit\u00e0 delle specifiche indicate da ciascun produttore alle proprie esigenze, non siamo responsabili di eventuali anomalie dovute ad un uso non corretto da parte del Cliente.<\/p><p><strong>4 \u2013 Prezzi dei prodotti<\/strong><\/p><p>Tutti i prezzi dei Prodotti visibili sul sito sono IVA INCLUSA (22% italiana). I prezzi dei Prodotti di volta in volta pubblicati sul sito annullano e sostituiscono i precedenti e sono subordinati alla effettiva disponibilit\u00e0 dei Prodotti. Ci riserviamo il diritto di confermare o modificare i prezzi dei Prodotti pubblicati sul proprio sito web o in opuscoli informativi e materiale pubblicitario, al momento dell&#8217;email di conferma dell&#8217;ordine del Cliente (ricordiamo che in questo caso il cliente \u00e8 libero di non confermare l&#8217;ordine).<\/p><p><strong>5 \u2013 Garanzie e responsabilit\u00e0<\/strong><\/p><p>Tutti gli articoli da noi venduti sono coperti da regolare garanzia del produttore\/importatore. Per fruirne \u00e8 necessario conservare lo scontrino\/fattura allegato a ciascuna distinta di spedizione. Il Cliente avr\u00e0 diritto alla sostituzione dei Prodotti difettosi solo dietro restituzione degli stessi, escluso il diritto del Cliente al risarcimento di eventuali danni, anche ulteriori. Le spese di spedizione necessarie alla sostituzione dei Prodotti sono a nostro carico. L&#8217;assistenza tecnica e gli interventi in garanzia sui Prodotti vengono effettuati, ove previsti, dai singoli Produttori, secondo i termini e le modalit\u00e0 riportate nella documentazione allegata ai Prodotti stessi. In particolare, il Venditore non presta alcuna garanzia circa la compatibilit\u00e0 dei Prodotti con altri prodotti o apparecchiature utilizzate dal Cliente, n\u00e9 presta alcuna garanzia circa l&#8217;idoneit\u00e0 dei Prodotti all&#8217;uso specifico inteso dal Cliente. Fatti salvi i casi di dolo o colpa grave del venditore, \u00e8 sin d&#8217;ora convenuto che, qualora il venditore fosse ritenuto responsabile, a qualsiasi titolo, nei confronti del Cliente &#8211; ivi compreso il caso di inadempimento totale o parziale delle obbligazioni assunte dal Venditore nei confronti del Cliente per effetto dell&#8217;esecuzione di un ordine &#8211; la responsabilit\u00e0 del Venditore non potr\u00e0 eccedere il prezzo dei Prodotti acquistati dal Cliente e per i quali sia sorta la contestazione.<\/p><p><strong>6 \u2013 Spedizione<\/strong><\/p><p>Tutti i costi di consegna dei Prodotti sono a carico del Cliente e sono comunicati nell&#8217;e-mail di accettazione dell&#8217;ordine. Le consegne vengono normalmente effettuate tramite corriere. Il Venditore ha il diritto, a sua esclusiva discrezione, di consegnare i Prodotti ordinati tramite un corriere diverso o tramite un altro mezzo che ritiene appropriato. Salvo diversa indicazione, tutte le consegne vengono effettuate a livello stradale.<\/p><p>I tempi di consegna comunicati nella e-mail di accettazione dell&#8217;ordine devono intendersi non vincolanti per il Venditore, che potr\u00e0 successivamente confermarli o modificarli, a seconda delle proprie effettive esigenze. Eventuali ritardi nelle consegne inferiori a 30 (trenta) giorni non danno diritto al Cliente di rifiutare la consegna dei Prodotti, n\u00e9 di pretendere risarcimenti o indennizzi di sorta.<\/p><p><strong>7 \u2013 Diritto di recesso e resi<\/strong><\/p><p>Ai sensi dell\u2019art. 5 del D.Lgs. 22 maggio 1999 n. 185, il Cliente (qualora sia qualificabile come \u201cconsumatore\u201d ai sensi dell\u2019art. 1 lett. b) del D.Lgs. 22 maggio 1999 n. 185) ha diritto di recedere dal contratto e di restituire i Prodotti ordinati, senza alcuna penalit\u00e0 e senza specificarne il motivo, entro 10 (dieci) giorni lavorativi dal ricevimento dei Prodotti stessi. Il diritto di recesso dovr\u00e0 essere esercitato dal Cliente, a pena di decadenza, mediante l\u2019invio di lettera raccomandata con ricevuta di ritorno al Venditore (riferimenti nella pagina contatti del sito), entro 10 (dieci) giorni lavorativi dal ricevimento dei Prodotti. Consigliamo di darcene comunicazione telefonica prima di esercitare tale diritto.<\/p><p>Il diritto di recesso non pu\u00f2 essere esercitato dal Cliente qualora i Prodotti acquistati consistano in software informatici sigillati, che siano stati aperti dal Cliente. Tutti i resi (che dovranno essere perfettamente integri e accompagnati dall&#8217;imballo originale) dovranno essere autorizzati dal Venditore e successivamente spediti a spese del Cliente all&#8217;indirizzo indicato nella pagina contatti del sito. Una volta ricevuti i Prodotti (e verificata la loro integrit\u00e0), il Venditore provveder\u00e0, nel pi\u00f9 breve tempo possibile, ad accreditare al Cliente il costo dei Prodotti restituiti (come indicato in fattura), trattenendo, ove necessario, l&#8217;importo delle spese di spedizione che resteranno definitivamente a carico del Cliente. In caso di sostituzione del Prodotto, la spedizione aggiuntiva \u00e8 sempre da intendersi a carico del Cliente.<\/p><p><strong>8 \u2013 Foro competente<\/strong><\/p><p>Ferma restando l&#8217;eventuale applicabilit\u00e0 di disposizioni inderogabili di legge poste a tutela dei consumatori (come definiti dall&#8217;art. 1 lett. b) del D.Lgs. 22 maggio 1999 n. 185), ogni controversia comunque connessa alle presenti Condizioni Generali sar\u00e0 devoluta alla competenza esclusiva del Giudice di Pace competente ai sensi e per gli effetti di cui agli artt. 1341 e 1342 del codice civile. Il Cliente dichiara di aver attentamente letto e compreso e di accettare specificamente le seguenti clausole delle Condizioni Generali di Vendita. Il Gestore: in tutti i punti sopra elencati.<\/p>","protected":false},"excerpt":{"rendered":"<p>Condizioni di vendita Le presenti condizioni generali di vendita (di seguito \u201cCondizioni Generali\u201d) disciplinano le modalit\u00e0 e le condizioni di vendita dei prodotti commercializzati dal Venditore tramite il proprio sito web (di seguito \u201cProdotti\u201d). Tutti i contratti di vendita di Prodotti da parte del Venditore a terzi (i \u201cClienti\u201d) sono disciplinati dalle presenti Condizioni Generali, [&hellip;]<\/p>\n","protected":false},"author":1,"featured_media":0,"parent":0,"menu_order":0,"comment_status":"closed","ping_status":"closed","template":"","meta":{"footnotes":""},"class_list":["post-807","page","type-page","status-publish","hentry"],"_links":{"self":[{"href":"https:\/\/evelynweddingluxury.it\/index.php\/wp-json\/wp\/v2\/pages\/807","targetHints":{"allow":["GET"]}}],"collection":[{"href":"https:\/\/evelynweddingluxury.it\/index.php\/wp-json\/wp\/v2\/pages"}],"about":[{"href":"https:\/\/evelynweddingluxury.it\/index.php\/wp-json\/wp\/v2\/types\/page"}],"author":[{"embeddable":true,"href":"https:\/\/evelynweddingluxury.it\/index.php\/wp-json\/wp\/v2\/users\/1"}],"replies":[{"embeddable":true,"href":"https:\/\/evelynweddingluxury.it\/index.php\/wp-json\/wp\/v2\/comments?post=807"}],"version-history":[{"count":2,"href":"https:\/\/evelynweddingluxury.it\/index.php\/wp-json\/wp\/v2\/pages\/807\/revisions"}],"predecessor-version":[{"id":814,"href":"https:\/\/evelynweddingluxury.it\/index.php\/wp-json\/wp\/v2\/pages\/807\/revisions\/814"}],"wp:attachment":[{"href":"https:\/\/evelynweddingluxury.it\/index.php\/wp-json\/wp\/v2\/media?parent=807"}],"curies":[{"name":"wp","href":"https:\/\/api.w.org\/{rel}","templated":true}]}}